{"id":174,"date":"2025-08-29T13:19:57","date_gmt":"2025-08-29T13:19:57","guid":{"rendered":"https:\/\/suteak.es\/?page_id=174"},"modified":"2025-09-05T09:26:33","modified_gmt":"2025-09-05T09:26:33","slug":"somos-una-ingenieria","status":"publish","type":"page","link":"https:\/\/suteak.es\/index.php\/somos-una-ingenieria\/","title":{"rendered":"Somos una ingenier\u00eda"},"content":{"rendered":"\n<h2 class=\"wp-block-heading\" style=\"font-size:38px;line-height:1.4\">\u00abCada incendio cuenta una historia. Nosotros la descubrimos.\u00bb<\/h2>\n\n\n\n<p><em>Investigaci\u00f3n forense especializada con el rigor t\u00e9cnico de la ingenier\u00eda. Descubre c\u00f3mo revelamos las causas reales detr\u00e1s de cada siniestro.<\/em> <em>Docenas de casos resueltos. <\/em><\/p>\n\n\n\n<div class=\"wp-block-columns is-layout-flex wp-container-core-columns-is-layout-28f84493 wp-block-columns-is-layout-flex\">\n<div class=\"wp-block-column is-layout-flow wp-block-column-is-layout-flow\">\n<h2 class=\"wp-block-heading\" style=\"font-size:18px\">Nuestro origen y especializaci\u00f3n<\/h2>\n\n\n\n<h3 class=\"wp-block-heading\">Expertos en investigaci\u00f3n de incendios con base en ingenier\u00eda<\/h3>\n\n\n\n<p>Suteak nace del departamento de ingenier\u00eda especializado en <strong>riesgos diversos<\/strong> de <a href=\"https:\/\/sk2peritos.es\/\" target=\"_blank\" rel=\"noreferrer noopener\">SK2 Peritos<\/a>, a cargo de Gorka Pe\u00f1a, una empresa matriz con amplia experiencia en peritaci\u00f3n t\u00e9cnica situada en Bilbao. Nuestro equipo combina la solidez t\u00e9cnica de la ingenier\u00eda con la especializaci\u00f3n espec\u00edfica en <a href=\"https:\/\/suteak.es\/index.php\/peritaje-de-incendios-e-investigacion-forense\/\" data-type=\"page\" data-id=\"206\" target=\"_blank\" rel=\"noreferrer noopener\"><strong>investigaci\u00f3n de incendios y an\u00e1lisis forense<\/strong>.<\/a><\/p>\n\n\n\n<p style=\"font-size:18px\">Esta divisi\u00f3n especializada nos permite ofrecer un enfoque t\u00e9cnico riguroso en cada investigaci\u00f3n, aplicando metodolog\u00edas avanzadas de ingenier\u00eda para determinar las causas de siniestros por fuego. La experiencia acumulada en riesgos diversos nos proporciona una visi\u00f3n integral que enriquece nuestros an\u00e1lisis de <strong>peritaci\u00f3n de incendios<\/strong>.<\/p>\n\n\n\n<p style=\"font-size:18px\">Por supuesto, continuamos colaborando con las aseguradoras m\u00e1s importantes de Espa\u00f1a y mantenemos nuestra cobertura en ese aspecto, aunque esta p\u00e1gina web se enfoca m\u00e1s en el cliente individual que ha sufrido un siniestro por fuego. <\/p>\n<\/div>\n\n\n\n<div class=\"wp-block-column is-layout-flow wp-block-column-is-layout-flow\">\n<h2 class=\"wp-block-heading\" style=\"font-size:18px\"> Incendios<\/h2>\n\n\n\n<h3 class=\"wp-block-heading\">M\u00e1xima especializaci\u00f3n t\u00e9cnica<\/h3>\n\n\n\n<p>Mientras SK2 Peritos abarca m\u00faltiples disciplinas periciales, <strong>Suteak se especializa exclusivamente en investigaci\u00f3n de incendios<\/strong>, ofreciendo el m\u00e1ximo nivel de <em>experiencia <\/em>en este \u00e1rea cr\u00edtica. Nuestro enfoque especializado incluye:<\/p>\n\n\n\n<ul class=\"wp-block-list\">\n<li><strong>An\u00e1lisis forense de incendios<\/strong> con metodolog\u00eda cient\u00edfica avanzada. <\/li>\n\n\n\n<li><strong><a href=\"https:\/\/suteak.es\/index.php\/pilotos-de-dron-certificados-aesa-para-peritajes-de-incendios\/\" data-type=\"page\" data-id=\"190\" target=\"_blank\" rel=\"noreferrer noopener\">Medios a\u00e9reos<\/a><\/strong> que cumplen la normativa de <a href=\"https:\/\/www.seguridadaerea.gob.es\/es\/ambitos\/drones\" target=\"_blank\" rel=\"noreferrer noopener\">AESA<\/a><\/li>\n\n\n\n<li><strong>Determinaci\u00f3n de causas y origen<\/strong> mediante t\u00e9cnicas de ingenier\u00eda de incendios. <\/li>\n\n\n\n<li><strong>Peritaci\u00f3n t\u00e9cnica de siniestros<\/strong> con informes detallados y rigurosos. <a href=\"https:\/\/suteak.es\/index.php\/tasacion-de-danos-por-incendio\/\" data-type=\"page\" data-id=\"323\" target=\"_blank\" rel=\"noreferrer noopener\">Tasaciones contradictorias<\/a>.<\/li>\n\n\n\n<li><strong>Investigaci\u00f3n de incendios industriales, residenciales y comerciales<\/strong><\/li>\n<\/ul>\n\n\n\n<p style=\"font-size:18px\">Esta hiperespecializaci\u00f3n nos permite mantenernos a la vanguardia en t\u00e9cnicas de <strong>investigaci\u00f3n forense de fuegos<\/strong>, garantizando an\u00e1lisis precisos y conclusiones t\u00e9cnicamente fundamentadas para cada caso de investigaci\u00f3n de incendios.<\/p>\n<\/div>\n<\/div>\n\n\n\n<figure class=\"wp-block-gallery alignwide has-nested-images columns-default is-cropped wp-block-gallery-1 is-layout-flex wp-block-gallery-is-layout-flex\">\n<figure class=\"wp-block-image size-full\"><img loading=\"lazy\" decoding=\"async\" width=\"800\" height=\"871\" data-id=\"272\" src=\"https:\/\/suteak.es\/wp-content\/uploads\/2025\/09\/Coches.jpg\" alt=\"\" class=\"wp-image-272\" srcset=\"https:\/\/suteak.es\/wp-content\/uploads\/2025\/09\/Coches.jpg 800w, https:\/\/suteak.es\/wp-content\/uploads\/2025\/09\/Coches-276x300.jpg 276w, https:\/\/suteak.es\/wp-content\/uploads\/2025\/09\/Coches-768x836.jpg 768w\" sizes=\"auto, (max-width: 800px) 100vw, 800px\" \/><\/figure>\n\n\n\n<figure class=\"wp-block-image size-full\"><img loading=\"lazy\" decoding=\"async\" width=\"800\" height=\"871\" data-id=\"274\" src=\"https:\/\/suteak.es\/wp-content\/uploads\/2025\/09\/Incendio2.jpg\" alt=\"\" class=\"wp-image-274\" srcset=\"https:\/\/suteak.es\/wp-content\/uploads\/2025\/09\/Incendio2.jpg 800w, https:\/\/suteak.es\/wp-content\/uploads\/2025\/09\/Incendio2-276x300.jpg 276w, https:\/\/suteak.es\/wp-content\/uploads\/2025\/09\/Incendio2-768x836.jpg 768w\" sizes=\"auto, (max-width: 800px) 100vw, 800px\" \/><\/figure>\n<\/figure>\n","protected":false},"excerpt":{"rendered":"<p>\u00abCada incendio cuenta una historia. Nosotros la descubrimos.\u00bb Investigaci\u00f3n forense especializada con el rigor t\u00e9cnico de la ingenier\u00eda. Descubre c\u00f3mo [&hellip;]<\/p>\n","protected":false},"author":1,"featured_media":0,"parent":0,"menu_order":0,"comment_status":"closed","ping_status":"closed","template":"","meta":{"site-sidebar-layout":"default","site-content-layout":"","ast-site-content-layout":"default","site-content-style":"default","site-sidebar-style":"default","ast-global-header-display":"","ast-banner-title-visibility":"","ast-main-header-display":"","ast-hfb-above-header-display":"","ast-hfb-below-header-display":"","ast-hfb-mobile-header-display":"","site-post-title":"","ast-breadcrumbs-content":"","ast-featured-img":"","footer-sml-layout":"","theme-transparent-header-meta":"","adv-header-id-meta":"","stick-header-meta":"","header-above-stick-meta":"","header-main-stick-meta":"","header-below-stick-meta":"","astra-migrate-meta-layouts":"default","ast-page-background-enabled":"default","ast-page-background-meta":{"desktop":{"background-color":"var(--ast-global-color-5)","background-image":"","background-repeat":"repeat","background-position":"center center","background-size":"auto","background-attachment":"scroll","background-type":"","background-media":"","overlay-type":"","overlay-color":"","overlay-opacity":"","overlay-gradient":""},"tablet":{"background-color":"","background-image":"","background-repeat":"repeat","background-position":"center center","background-size":"auto","background-attachment":"scroll","background-type":"","background-media":"","overlay-type":"","overlay-color":"","overlay-opacity":"","overlay-gradient":""},"mobile":{"background-color":"","background-image":"","background-repeat":"repeat","background-position":"center center","background-size":"auto","background-attachment":"scroll","background-type":"","background-media":"","overlay-type":"","overlay-color":"","overlay-opacity":"","overlay-gradient":""}},"ast-content-background-meta":{"desktop":{"background-color":"var(--ast-global-color-4)","background-image":"","background-repeat":"repeat","background-position":"center center","background-size":"auto","background-attachment":"scroll","background-type":"","background-media":"","overlay-type":"","overlay-color":"","overlay-opacity":"","overlay-gradient":""},"tablet":{"background-color":"var(--ast-global-color-4)","background-image":"","background-repeat":"repeat","background-position":"center center","background-size":"auto","background-attachment":"scroll","background-type":"","background-media":"","overlay-type":"","overlay-color":"","overlay-opacity":"","overlay-gradient":""},"mobile":{"background-color":"var(--ast-global-color-4)","background-image":"","background-repeat":"repeat","background-position":"center center","background-size":"auto","background-attachment":"scroll","background-type":"","background-media":"","overlay-type":"","overlay-color":"","overlay-opacity":"","overlay-gradient":""}},"footnotes":""},"class_list":["post-174","page","type-page","status-publish","hentry"],"_links":{"self":[{"href":"https:\/\/suteak.es\/index.php\/wp-json\/wp\/v2\/pages\/174","targetHints":{"allow":["GET"]}}],"collection":[{"href":"https:\/\/suteak.es\/index.php\/wp-json\/wp\/v2\/pages"}],"about":[{"href":"https:\/\/suteak.es\/index.php\/wp-json\/wp\/v2\/types\/page"}],"author":[{"embeddable":true,"href":"https:\/\/suteak.es\/index.php\/wp-json\/wp\/v2\/users\/1"}],"replies":[{"embeddable":true,"href":"https:\/\/suteak.es\/index.php\/wp-json\/wp\/v2\/comments?post=174"}],"version-history":[{"count":20,"href":"https:\/\/suteak.es\/index.php\/wp-json\/wp\/v2\/pages\/174\/revisions"}],"predecessor-version":[{"id":350,"href":"https:\/\/suteak.es\/index.php\/wp-json\/wp\/v2\/pages\/174\/revisions\/350"}],"wp:attachment":[{"href":"https:\/\/suteak.es\/index.php\/wp-json\/wp\/v2\/media?parent=174"}],"curies":[{"name":"wp","href":"https:\/\/api.w.org\/{rel}","templated":true}]}}